{"id":129,"date":"2025-10-10T17:48:20","date_gmt":"2025-10-10T17:48:20","guid":{"rendered":"https:\/\/durahemp.de\/?page_id=129"},"modified":"2026-02-09T09:14:43","modified_gmt":"2026-02-09T09:14:43","slug":"impressum","status":"publish","type":"page","link":"https:\/\/durahemp.de\/?page_id=129","title":{"rendered":"Impressum"},"content":{"rendered":"\t\t<div data-elementor-type=\"wp-page\" data-elementor-id=\"129\" class=\"elementor elementor-129\" data-elementor-post-type=\"page\">\n\t\t\t\t<div class=\"elementor-element elementor-element-15653173 e-flex e-con-boxed e-con e-parent\" data-id=\"15653173\" data-element_type=\"container\">\n\t\t\t\t\t<div class=\"e-con-inner\">\n\t\t\t\t<div class=\"elementor-element elementor-element-62fac76a elementor-widget elementor-widget-text-editor\" data-id=\"62fac76a\" data-element_type=\"widget\" data-widget_type=\"text-editor.default\">\n\t\t\t\t\t\t\t\t\t\n<p><strong>DuraHemp GmbH<\/strong><br \/>Urban Tech Republic &#8211; Geb\u00e4ude E2M\/EG<br \/>Flughafen Tegel 1<br \/>13405 Berlin<\/p>\n\n<p><strong>Vertreten durch:<\/strong><\/p>\n<p>G\u00f6kcan G\u00fcney (Gesch\u00e4ftsf\u00fchrer I)<\/p>\n<p>Roger Dauer (Gesch\u00e4ftsf\u00fchrer II)<\/p>\n\n<p><strong>Kontakt:<\/strong><br \/>E-Mail: <a>g.gueney@durahemp.de<\/a><\/p>\n\n<p><strong>Telefon:<\/strong> +49 173 711 95 69<\/p>\n\n<p><strong>Registereintrag:<\/strong><br \/>HRB 280085 B<\/p>\n\n<p><strong>Umsatzsteuer-ID:<\/strong><br \/>DE458058472<\/p>\n\n<p><strong>Verantwortlich f\u00fcr den Inhalt nach \u00a7 18 Abs. 2 MStV:<\/strong><br \/>G\u00f6kcan G\u00fcney\u00a0<\/p>\n\n<p><strong>Haftungsausschluss:<\/strong><br \/>Die Inhalte dieser Website werden mit gr\u00f6\u00dftm\u00f6glicher Sorgfalt erstellt. DuraHemp GmbH \u00fcbernimmt jedoch keine Gew\u00e4hr f\u00fcr die Richtigkeit, Vollst\u00e4ndigkeit und Aktualit\u00e4t der bereitgestellten Inhalte.<br \/>F\u00fcr den Inhalt externer Links sind ausschlie\u00dflich deren Betreiber verantwortlich.<\/p>\n<p data-start=\"217\" data-end=\"254\"><strong data-start=\"223\" data-end=\"254\">Haftungshinweis f\u00fcr Inhalte<\/strong><\/p>\n<p data-start=\"256\" data-end=\"657\">Die auf dieser Website bereitgestellten Inhalte dienen ausschlie\u00dflich der allgemeinen Information \u00fcber nat\u00fcrliche Baustoffe, insbesondere Hanfkalk-Produkte, und deren m\u00f6gliche Anwendungen.<br data-start=\"444\" data-end=\"447\" \/>Trotz sorgf\u00e4ltiger Erstellung und regelm\u00e4\u00dfiger \u00dcberpr\u00fcfung der Inhalte \u00fcbernimmt die <strong data-start=\"532\" data-end=\"554\">DuraHemp GmbH<\/strong>\u00a0keine Gew\u00e4hr f\u00fcr die Vollst\u00e4ndigkeit, Richtigkeit und Aktualit\u00e4t der bereitgestellten Informationen.<\/p>\n<p data-start=\"659\" data-end=\"959\">Alle technischen Angaben, bauphysikalischen Werte und Verarbeitungs\u00adempfehlungen sind unverbindlich und ersetzen keine individuelle Beratung durch Fachplaner, Statiker oder Bauaufsichtsbeh\u00f6rden.<br data-start=\"853\" data-end=\"856\" \/>Die Eignung der beschriebenen Produkte und Verfahren ist stets im konkreten Anwendungsfall zu pr\u00fcfen.<\/p>\n<p data-start=\"961\" data-end=\"1154\">Eine Haftung f\u00fcr materielle oder immaterielle Sch\u00e4den, die durch die Nutzung oder Nichtnutzung der bereitgestellten Informationen entstehen, ist \u2013 soweit gesetzlich zul\u00e4ssig \u2013 ausgeschlossen.<\/p>\n<p data-start=\"172\" data-end=\"193\"><strong data-start=\"177\" data-end=\"193\">Urheberrecht<\/strong><\/p>\n<p data-start=\"195\" data-end=\"403\">Alle Inhalte dieser Website, einschlie\u00dflich Texte, Bilder, Grafiken, Videos und Layout, sind urheberrechtlich gesch\u00fctzt.<br data-start=\"315\" data-end=\"318\" \/>Die Rechte liegen \u2013 soweit nicht anders angegeben \u2013 bei der <strong data-start=\"378\" data-end=\"400\">DuraHemp GmbH.<\/strong><\/p>\n<p data-start=\"405\" data-end=\"695\">Eine Vervielf\u00e4ltigung, Bearbeitung, Verbreitung oder sonstige Verwendung der Inhalte, auch auszugsweise, ist ohne vorherige schriftliche Zustimmung der DuraHemp GmbH nicht gestattet.<br data-start=\"592\" data-end=\"595\" \/>Downloads und Kopien dieser Seite sind nur f\u00fcr den privaten, nicht kommerziellen Gebrauch erlaubt.<\/p>\n<p data-start=\"697\" data-end=\"843\">Sofern Inhalte auf dieser Seite nicht von DuraHemp erstellt wurden, werden die Urheberrechte Dritter beachtet und entsprechende Quellen angegeben.<\/p>\n\t\t\t\t\t\t\t\t<\/div>\n\t\t\t\t\t<\/div>\n\t\t\t\t<\/div>\n\t\t\t\t<\/div>\n\t\t","protected":false},"excerpt":{"rendered":"<p>DuraHemp GmbHUrban Tech Republic &#8211; Geb\u00e4ude E2M\/EGFlughafen Tegel 113405 Berlin Vertreten durch: G\u00f6kcan G\u00fcney (Gesch\u00e4ftsf\u00fchrer I) Roger Dauer (Gesch\u00e4ftsf\u00fchrer II) Kontakt:E-Mail: g.gueney@durahemp.de Telefon: +49 173 711 95 69 Registereintrag:HRB 280085 B Umsatzsteuer-ID:DE458058472 Verantwortlich f\u00fcr den Inhalt nach \u00a7 18 Abs. 2 MStV:G\u00f6kcan G\u00fcney\u00a0 Haftungsausschluss:Die Inhalte dieser Website werden mit gr\u00f6\u00dftm\u00f6glicher Sorgfalt erstellt. DuraHemp GmbH \u00fcbernimmt [&hellip;]<\/p>\n","protected":false},"author":1,"featured_media":0,"parent":0,"menu_order":0,"comment_status":"closed","ping_status":"closed","template":"","meta":{"footnotes":""},"class_list":["post-129","page","type-page","status-publish","hentry"],"_links":{"self":[{"href":"https:\/\/durahemp.de\/index.php?rest_route=\/wp\/v2\/pages\/129","targetHints":{"allow":["GET"]}}],"collection":[{"href":"https:\/\/durahemp.de\/index.php?rest_route=\/wp\/v2\/pages"}],"about":[{"href":"https:\/\/durahemp.de\/index.php?rest_route=\/wp\/v2\/types\/page"}],"author":[{"embeddable":true,"href":"https:\/\/durahemp.de\/index.php?rest_route=\/wp\/v2\/users\/1"}],"replies":[{"embeddable":true,"href":"https:\/\/durahemp.de\/index.php?rest_route=%2Fwp%2Fv2%2Fcomments&post=129"}],"version-history":[{"count":16,"href":"https:\/\/durahemp.de\/index.php?rest_route=\/wp\/v2\/pages\/129\/revisions"}],"predecessor-version":[{"id":213,"href":"https:\/\/durahemp.de\/index.php?rest_route=\/wp\/v2\/pages\/129\/revisions\/213"}],"wp:attachment":[{"href":"https:\/\/durahemp.de\/index.php?rest_route=%2Fwp%2Fv2%2Fmedia&parent=129"}],"curies":[{"name":"wp","href":"https:\/\/api.w.org\/{rel}","templated":true}]}}